{"id":23,"date":"2015-03-19T10:09:05","date_gmt":"2015-03-19T09:09:05","guid":{"rendered":"https:\/\/www.goebl-architecture.com\/?page_id=23"},"modified":"2023-07-04T12:51:08","modified_gmt":"2023-07-04T10:51:08","slug":"kontakt","status":"publish","type":"page","link":"https:\/\/www.goebl-architecture.com\/de\/kontakt\/","title":{"rendered":"Kontakt"},"content":{"rendered":"<h3>1010 wien<br \/>\ne\u00dflinggasse 7\/3<br \/>\n<a title=\"\" href=\"tel:+4312764418\">+43 1 2764418<\/a><\/h3>\n<h3>3500 krems<br \/>\nk\u00f6rnermarkt 4<\/h3>\n<h3>7536 g\u00fcttenbach<br \/>\nbergstra\u00dfe 121<\/h3>\n<h3><a title=\"\" href=\"mailto: office@goebl-architecture.com\">office@goebl-architecture.com<\/a><br \/>\n<a href=\"https:\/\/www.goebl-architecture.com\/\">www.goebl-architecture.com<\/a><\/h3>\n<h3><a title=\"\" href=\"https:\/\/www.instagram.com\/goeblarchitecture\/\" target=\"_blank\" rel=\"noopener\">instagram.com\/goeblarchitecture<\/a><\/h3>\n<p><strong>impressum<\/strong><\/p>\n<p><strong>goebl architecture<\/strong> ZT G.M.B.H.<br \/>\n1010 wien<br \/>\ne\u00dflinggasse 7\/3<\/p>\n<p>UID: ATU 45974904 &nbsp;&nbsp;&nbsp; FN: 166111G<br \/>\nIBAN: AT29 3239 7000 0004 6367<br \/>\nBIC: RLNWATWWKRE<\/p>\n<p>gerichtsstand wien<\/p>\n<p>marken strategie: <a title=\"\" href=\"http:\/\/www.petrisch.com\/\" target=\"_blank\" rel=\"noopener noreferrer\">www.petrisch.com<\/a><br \/>\ngrafik design: <a title=\"\" href=\"http:\/\/www.valeriemedicus.at\/\" target=\"_blank\" rel=\"noopener noreferrer\">www.valeriemedicus.at<\/a><br \/>\nweb programmierung: <a title=\"\" href=\"http:\/\/www.freshfx.at\/\" target=\"_blank\" rel=\"noopener noreferrer\">www.freshfx.at<\/a><\/p>\n","protected":false},"excerpt":{"rendered":"<p>1010 wien e\u00dflinggasse 7\/3 +43 1 2764418 3500 krems k\u00f6rnermarkt 4 7536 g\u00fcttenbach bergstra\u00dfe 121 office@goebl-architecture.com www.goebl-architecture.com instagram.com\/goeblarchitecture impressum goebl architecture ZT G.M.B.H. 1010 wien e\u00dflinggasse 7\/3 UID: ATU 45974904 &nbsp;&nbsp;&nbsp; FN: 166111G IBAN: AT29 3239 7000 0004 6367 BIC: RLNWATWWKRE gerichtsstand wien marken strategie: www.petrisch.com grafik design: www.valeriemedicus.at web programmierung: www.freshfx.at<\/p>\n","protected":false},"author":1,"featured_media":0,"parent":0,"menu_order":5,"comment_status":"closed","ping_status":"closed","template":"kontakt_template.php","meta":{"footnotes":""},"class_list":["post-23","page","type-page","status-publish","hentry"],"wps_subtitle":"","_links":{"self":[{"href":"https:\/\/www.goebl-architecture.com\/de\/wp-json\/wp\/v2\/pages\/23","targetHints":{"allow":["GET"]}}],"collection":[{"href":"https:\/\/www.goebl-architecture.com\/de\/wp-json\/wp\/v2\/pages"}],"about":[{"href":"https:\/\/www.goebl-architecture.com\/de\/wp-json\/wp\/v2\/types\/page"}],"author":[{"embeddable":true,"href":"https:\/\/www.goebl-architecture.com\/de\/wp-json\/wp\/v2\/users\/1"}],"replies":[{"embeddable":true,"href":"https:\/\/www.goebl-architecture.com\/de\/wp-json\/wp\/v2\/comments?post=23"}],"version-history":[{"count":20,"href":"https:\/\/www.goebl-architecture.com\/de\/wp-json\/wp\/v2\/pages\/23\/revisions"}],"predecessor-version":[{"id":5951,"href":"https:\/\/www.goebl-architecture.com\/de\/wp-json\/wp\/v2\/pages\/23\/revisions\/5951"}],"wp:attachment":[{"href":"https:\/\/www.goebl-architecture.com\/de\/wp-json\/wp\/v2\/media?parent=23"}],"curies":[{"name":"wp","href":"https:\/\/api.w.org\/{rel}","templated":true}]}}