{"id":21,"date":"2015-03-19T10:08:49","date_gmt":"2015-03-19T09:08:49","guid":{"rendered":"https:\/\/www.goebl-architecture.com\/?page_id=21"},"modified":"2024-07-01T08:58:51","modified_gmt":"2024-07-01T06:58:51","slug":"buero","status":"publish","type":"page","link":"https:\/\/www.goebl-architecture.com\/de\/buero\/","title":{"rendered":"Kanzlei"},"content":{"rendered":"<p>Das Unternehmen goebl architecture hat 2023 sein 50-j\u00e4hriges Jubil\u00e4um gefeiert. 1973 hat Architekt Fritz G\u00f6bl die Ziviltechniker-Befugnis erhalten und begonnen, von Krems an der Donau aus Nieder\u00f6sterreich und Wien mit seinen Bauten zu bereichern. Im Jahr 2014 hat Sohn Lukas G\u00f6bl sein junges Unternehmen eingebracht und damit die goebl architecture ZT GmbH zu einem Familienunternehmen gemacht. Seit 2016 leitet er allein die Geschicke der Architekturkanzlei und es erfolgte der Umzug nach Wien, zuletzt in die E\u00dflinggasse 7 im Ersten Bezirk. Filialen in Krems wie auch im Burgenland wurden installiert.<\/p>\n<p>Das Unternehmen ist in den Bereichen Architektur- und Generalplanung sowie Projektentwicklung, -steuerung und -controlling t\u00e4tig. Schwerpunkte sind der gro\u00dfvolumige Wohnbau (\u00fcber 2.500 Wohneinheiten), der Kulturbau (zahlreiche Museen und Galerien) und der Kommunalbau (Rath\u00e4user &amp; Gemeindezentren, Schulen, Kinderg\u00e4rten, etc.). Als weitere Kompetenzbereiche haben sich die Planung von Weing\u00fctern herauskristallisiert und die Sanierung und Revitalisierung von denkmalgesch\u00fctzten Bauten.<\/p>\n<p>Das Werk der goebl architecture wurde mit einer Vielzahl von nationalen und internationalen Bau- und Architekturpreisen ausgezeichnet, z.B. International Architecture Award, Dezeen Award, Architecture Masterprize, N\u00d6 Baupreis, etc.<\/p>\n<p>Der gesch\u00e4ftsf\u00fchrende Gesellschafter Lukas G\u00f6bl hat die Meisterklasse von Wolf D. Prix absolviert, ist seit 2009 Ziviltechniker f\u00fcr Architektur und Hochbau und seit 2022 Immobilientreuh\u00e4nder\/ Bautr\u00e4ger. Sein zeichnerisches Werk wurde national und international vielfach ausgestellt und pr\u00e4miert.<\/p>\n","protected":false},"excerpt":{"rendered":"<p>Das Unternehmen goebl architecture hat 2023 sein 50-j\u00e4hriges Jubil\u00e4um gefeiert. 1973 hat Architekt Fritz G\u00f6bl die Ziviltechniker-Befugnis erhalten und begonnen, von Krems an der Donau aus Nieder\u00f6sterreich und Wien mit seinen Bauten zu bereichern. Im Jahr 2014 hat Sohn Lukas G\u00f6bl sein junges Unternehmen eingebracht und damit die goebl architecture ZT GmbH zu einem Familienunternehmen &hellip; <a href=\"https:\/\/www.goebl-architecture.com\/de\/buero\/\" class=\"more-link\">Continue reading <span class=\"screen-reader-text\">Kanzlei<\/span><\/a><\/p>\n","protected":false},"author":1,"featured_media":0,"parent":0,"menu_order":4,"comment_status":"closed","ping_status":"closed","template":"buero_template.php","meta":{"footnotes":""},"class_list":["post-21","page","type-page","status-publish","hentry"],"wps_subtitle":"","_links":{"self":[{"href":"https:\/\/www.goebl-architecture.com\/de\/wp-json\/wp\/v2\/pages\/21","targetHints":{"allow":["GET"]}}],"collection":[{"href":"https:\/\/www.goebl-architecture.com\/de\/wp-json\/wp\/v2\/pages"}],"about":[{"href":"https:\/\/www.goebl-architecture.com\/de\/wp-json\/wp\/v2\/types\/page"}],"author":[{"embeddable":true,"href":"https:\/\/www.goebl-architecture.com\/de\/wp-json\/wp\/v2\/users\/1"}],"replies":[{"embeddable":true,"href":"https:\/\/www.goebl-architecture.com\/de\/wp-json\/wp\/v2\/comments?post=21"}],"version-history":[{"count":60,"href":"https:\/\/www.goebl-architecture.com\/de\/wp-json\/wp\/v2\/pages\/21\/revisions"}],"predecessor-version":[{"id":6093,"href":"https:\/\/www.goebl-architecture.com\/de\/wp-json\/wp\/v2\/pages\/21\/revisions\/6093"}],"wp:attachment":[{"href":"https:\/\/www.goebl-architecture.com\/de\/wp-json\/wp\/v2\/media?parent=21"}],"curies":[{"name":"wp","href":"https:\/\/api.w.org\/{rel}","templated":true}]}}